{"id":1844,"date":"2023-01-05T10:31:45","date_gmt":"2023-01-05T15:31:45","guid":{"rendered":"https:\/\/climco.ca\/a-propos\/"},"modified":"2026-04-15T14:40:26","modified_gmt":"2026-04-15T18:40:26","slug":"about-climco","status":"publish","type":"page","link":"https:\/\/climco.ca\/en\/about-climco\/","title":{"rendered":"About Climco"},"content":{"rendered":"<div class=\"wpb-content-wrapper\"><p>[vc_row row_height_percent=&#8221;0&#8243; override_padding=&#8221;yes&#8221; h_padding=&#8221;2&#8243; top_padding=&#8221;3&#8243; bottom_padding=&#8221;3&#8243; overlay_alpha=&#8221;50&#8243; equal_height=&#8221;yes&#8221; gutter_size=&#8221;4&#8243; column_width_percent=&#8221;100&#8243; shift_y=&#8221;0&#8243; z_index=&#8221;0&#8243; uncode_shortcode_id=&#8221;797703&#8243;][vc_column column_width_percent=&#8221;100&#8243; position_vertical=&#8221;bottom&#8221; align_horizontal=&#8221;align_right&#8221; gutter_size=&#8221;3&#8243; back_image=&#8221;1847&#8243; overlay_alpha=&#8221;50&#8243; shift_x=&#8221;0&#8243; shift_y=&#8221;0&#8243; shift_y_down=&#8221;0&#8243; z_index=&#8221;0&#8243; medium_width=&#8221;0&#8243; mobile_width=&#8221;0&#8243; width=&#8221;1\/2&#8243; uncode_shortcode_id=&#8221;182624&#8243;][vc_row_inner][vc_column_inner width=&#8221;1\/3&#8243;][\/vc_column_inner][vc_column_inner column_width_percent=&#8221;100&#8243; position_vertical=&#8221;middle&#8221; gutter_size=&#8221;2&#8243; override_padding=&#8221;yes&#8221; column_padding=&#8221;2&#8243; style=&#8221;dark&#8221; back_color=&#8221;color-138669&#8243; overlay_color=&#8221;color-138669&#8243; overlay_alpha=&#8221;93&#8243; radius=&#8221;std&#8221; shadow=&#8221;sm&#8221; shift_x=&#8221;3&#8243; shift_y=&#8221;5&#8243; shift_y_down=&#8221;-5&#8243; z_index=&#8221;0&#8243; medium_width=&#8221;0&#8243; mobile_width=&#8221;0&#8243; width=&#8221;2\/3&#8243; uncode_shortcode_id=&#8221;178483&#8243; back_color_type=&#8221;uncode-palette&#8221; overlay_color_type=&#8221;uncode-palette&#8221;][vc_custom_heading text_color=&#8221;color-153177&#8243; text_size=&#8221;h3&#8243; text_weight=&#8221;900&#8243; text_transform=&#8221;uppercase&#8221; uncode_shortcode_id=&#8221;629284&#8243; text_color_type=&#8221;uncode-palette&#8221;]Visit our<br \/>\nshowroom[\/vc_custom_heading][vc_column_text uncode_shortcode_id=&#8221;177174&#8243;]<strong>Monday to Friday,<br \/>\n<\/strong><span style=\"font-family: -apple-system, BlinkMacSystemFont, 'Segoe UI', Roboto, Oxygen-Sans, Ubuntu, Cantarell, 'Helvetica Neue', sans-serif;\">\u20098 AM to 4 PM<\/span>[\/vc_column_text][\/vc_column_inner][\/vc_row_inner][\/vc_column][vc_column column_width_percent=&#8221;100&#8243; position_vertical=&#8221;middle&#8221; gutter_size=&#8221;2&#8243; overlay_alpha=&#8221;50&#8243; shift_x=&#8221;0&#8243; shift_y=&#8221;0&#8243; shift_y_down=&#8221;0&#8243; z_index=&#8221;0&#8243; medium_width=&#8221;0&#8243; mobile_width=&#8221;0&#8243; width=&#8221;1\/2&#8243; uncode_shortcode_id=&#8221;157888&#8243;][vc_icon display=&#8221;inline&#8221; icon=&#8221;fa fa-snowflake-o&#8221; icon_color=&#8221;accent&#8221; size=&#8221;fa-2x&#8221; uncode_shortcode_id=&#8221;151344&#8243; icon_color_type=&#8221;uncode-palette&#8221;][\/vc_icon][vc_icon display=&#8221;inline&#8221; icon=&#8221;fa fa-sun2&#8243; icon_color=&#8221;color-138669&#8243; size=&#8221;fa-2x&#8221; uncode_shortcode_id=&#8221;138165&#8243; icon_color_type=&#8221;uncode-palette&#8221;][\/vc_icon][vc_icon display=&#8221;inline&#8221; icon=&#8221;fa fa-weather-partly-sunny&#8221; icon_color=&#8221;color-181438&#8243; size=&#8221;fa-2x&#8221; uncode_shortcode_id=&#8221;981530&#8243; icon_color_type=&#8221;uncode-palette&#8221;][\/vc_icon][vc_row_inner][vc_column_inner column_width_percent=&#8221;100&#8243; gutter_size=&#8221;0&#8243; overlay_alpha=&#8221;50&#8243; shift_x=&#8221;0&#8243; shift_y=&#8221;0&#8243; shift_y_down=&#8221;0&#8243; z_index=&#8221;0&#8243; medium_width=&#8221;0&#8243; mobile_width=&#8221;0&#8243; width=&#8221;1\/1&#8243; uncode_shortcode_id=&#8221;309754&#8243;][vc_custom_heading text_color=&#8221;color-140484&#8243; heading_semantic=&#8221;p&#8221; text_size=&#8221;h4&#8243; text_transform=&#8221;uppercase&#8221; uncode_shortcode_id=&#8221;107900&#8243; text_color_type=&#8221;uncode-palette&#8221;]Air conditioning, heating, ventilation and air purification[\/vc_custom_heading][vc_custom_heading uncode_shortcode_id=&#8221;165920&#8243;]Climco Has What You Need[\/vc_custom_heading][\/vc_column_inner][\/vc_row_inner][vc_column_text uncode_shortcode_id=&#8221;395860&#8243;]For over 30 years, Climco has built a reliable and professional team dedicated to understanding your needs. Our approach is rooted in integrity and transparency, with a constant focus on improving your comfort and quality of life. Customer satisfaction is at the heart of everything we do.[\/vc_column_text][vc_empty_space empty_h=&#8221;2&#8243;][vc_button size=&#8221;btn-sm&#8221; border_width=&#8221;0&#8243; display=&#8221;inline&#8221; scale_mobile=&#8221;no&#8221; link=&#8221;url:http%3A\/\/climco.ca%2Fresidentiel%2F|title:Services%20r%C3%A9sidentiels&#8221; uncode_shortcode_id=&#8221;853664&#8243;]Residential services[\/vc_button][vc_button size=&#8221;btn-sm&#8221; outline=&#8221;yes&#8221; border_width=&#8221;0&#8243; display=&#8221;inline&#8221; scale_mobile=&#8221;no&#8221; link=&#8221;url:http%3A\/\/climco.ca%2Fcommercial%2F|title:Services%20commerciaux&#8221; uncode_shortcode_id=&#8221;694302&#8243;]Commercial services[\/vc_button][\/vc_column][\/vc_row][vc_row row_height_percent=&#8221;0&#8243; override_padding=&#8221;yes&#8221; h_padding=&#8221;2&#8243; top_padding=&#8221;3&#8243; bottom_padding=&#8221;2&#8243; overlay_alpha=&#8221;50&#8243; gutter_size=&#8221;3&#8243; column_width_percent=&#8221;100&#8243; shift_y=&#8221;0&#8243; z_index=&#8221;0&#8243; uncode_shortcode_id=&#8221;521526&#8243;][vc_column width=&#8221;1\/2&#8243;][vc_row_inner][vc_column_inner column_width_percent=&#8221;100&#8243; gutter_size=&#8221;0&#8243; overlay_alpha=&#8221;50&#8243; shift_x=&#8221;0&#8243; shift_y=&#8221;0&#8243; shift_y_down=&#8221;0&#8243; z_index=&#8221;0&#8243; medium_width=&#8221;0&#8243; mobile_width=&#8221;0&#8243; width=&#8221;1\/1&#8243; uncode_shortcode_id=&#8221;139906&#8243;][vc_custom_heading text_color=&#8221;color-140484&#8243; heading_semantic=&#8221;p&#8221; text_size=&#8221;h4&#8243; text_transform=&#8221;uppercase&#8221; uncode_shortcode_id=&#8221;150327&#8243; text_color_type=&#8221;uncode-palette&#8221;]Our expertise[\/vc_custom_heading][vc_custom_heading uncode_shortcode_id=&#8221;803346&#8243;]At the Service of Your Comfort[\/vc_custom_heading][\/vc_column_inner][\/vc_row_inner][uncode_list icon=&#8221;fa fa-arrow-right3&#8243; icon_color=&#8221;color-138669&#8243; uncode_shortcode_id=&#8221;875711&#8243; icon_color_type=&#8221;uncode-palette&#8221;]<\/p>\n<ul>\n<li>RBQ <a href=\"https:\/\/www.rbq.gouv.qc.ca\/en\/\" target=\"_blank\" rel=\"noopener\">R\u00e9gie du B\u00e2timent du Qu\u00e9bec<\/a> Licence # 8215-9823-37<\/li>\n<li>Member of the CMMTQ <a href=\"https:\/\/www.cmmtq.org\/\" target=\"_blank\" rel=\"noopener\">Corporation des Ma\u00eetres-M\u00e9caniciens du Qu\u00e9bec<\/a> # 8741<\/li>\n<li>CAA-Qu\u00e9bec certified since 2013<\/li>\n<li>Member of the FCEI <a href=\"https:\/\/www.cfib-fcei.ca\/en\/\" target=\"_blank\" rel=\"noopener\">F\u00e9d\u00e9ration Canadienne de l\u2019Entreprise Ind\u00e9pendante<\/a><\/li>\n<li>Mitsubishi Elite Dealer<\/li>\n<li>Fujitsu Elite Dealer<\/li>\n<li>York Certified Comfort Expert<\/li>\n<\/ul>\n<p>[\/uncode_list][\/vc_column][vc_column width=&#8221;1\/2&#8243;][vc_row_inner][vc_column_inner column_width_percent=&#8221;100&#8243; gutter_size=&#8221;0&#8243; overlay_alpha=&#8221;50&#8243; shift_x=&#8221;0&#8243; shift_y=&#8221;0&#8243; shift_y_down=&#8221;0&#8243; z_index=&#8221;0&#8243; medium_width=&#8221;0&#8243; mobile_width=&#8221;0&#8243; width=&#8221;1\/1&#8243; uncode_shortcode_id=&#8221;139906&#8243;][vc_custom_heading text_color=&#8221;color-140484&#8243; heading_semantic=&#8221;p&#8221; text_size=&#8221;h4&#8243; text_transform=&#8221;uppercase&#8221; uncode_shortcode_id=&#8221;164283&#8243; text_color_type=&#8221;uncode-palette&#8221;]Awards and recognition[\/vc_custom_heading][vc_custom_heading uncode_shortcode_id=&#8221;540115&#8243;]Climco Climatisation and Heating[\/vc_custom_heading][\/vc_column_inner][\/vc_row_inner][uncode_list icon=&#8221;fa fa-arrow-right3&#8243; icon_color=&#8221;color-138669&#8243; uncode_shortcode_id=&#8221;183473&#8243; icon_color_type=&#8221;uncode-palette&#8221;]<\/p>\n<ul>\n<li>Recipient of the Mitsubishi Electric Gold Medal for excellence in sales, installation, and service.<\/li>\n<li>Recognized by the <a href=\"https:\/\/ccimoulins.com\/\" target=\"_blank\" rel=\"noopener\">Chambre de Commerce de Terrebonne<\/a> for over 10 years of outstanding service quality.<\/li>\n<li>Finalist in the National Bank SME program for the Laval\/North Shore region.<\/li>\n<\/ul>\n<p>[\/uncode_list][\/vc_column][\/vc_row][vc_row][vc_column width=&#8221;1\/1&#8243;][vc_single_image media=&#8221;1848&#8243; media_width_percent=&#8221;100&#8243; media_ratio=&#8221;two-one&#8221; alignment=&#8221;center&#8221; shape=&#8221;img-round&#8221; radius=&#8221;std&#8221; uncode_shortcode_id=&#8221;677712&#8243;][\/vc_column][\/vc_row][vc_row][vc_column column_width_percent=&#8221;100&#8243; position_vertical=&#8221;middle&#8221; gutter_size=&#8221;3&#8243; overlay_alpha=&#8221;50&#8243; shift_x=&#8221;0&#8243; shift_y=&#8221;0&#8243; shift_y_down=&#8221;0&#8243; z_index=&#8221;0&#8243; medium_width=&#8221;0&#8243; mobile_width=&#8221;0&#8243; width=&#8221;1\/2&#8243; uncode_shortcode_id=&#8221;194193&#8243;][vc_raw_html]JTNDaWZyYW1lJTIwd2lkdGglM0QlMjI1NjAlMjIlMjBoZWlnaHQlM0QlMjIzMTUlMjIlMjBzcmMlM0QlMjJodHRwcyUzQSUyRiUyRnd3dy55b3V0dWJlLmNvbSUyRmVtYmVkJTJGb2FpeExsNEdBN0klMjIlMjB0aXRsZSUzRCUyMllvdVR1YmUlMjB2aWRlbyUyMHBsYXllciUyMiUyMGZyYW1lYm9yZGVyJTNEJTIyMCUyMiUyMGFsbG93JTNEJTIyYWNjZWxlcm9tZXRlciUzQiUyMGF1dG9wbGF5JTNCJTIwY2xpcGJvYXJkLXdyaXRlJTNCJTIwZW5jcnlwdGVkLW1lZGlhJTNCJTIwZ3lyb3Njb3BlJTNCJTIwcGljdHVyZS1pbi1waWN0dXJlJTNCJTIwd2ViLXNoYXJlJTIyJTIwYWxsb3dmdWxsc2NyZWVuJTNFJTNDJTJGaWZyYW1lJTNF[\/vc_raw_html][\/vc_column][vc_column column_width_percent=&#8221;100&#8243; position_vertical=&#8221;middle&#8221; gutter_size=&#8221;2&#8243; override_padding=&#8221;yes&#8221; column_padding=&#8221;2&#8243; overlay_alpha=&#8221;50&#8243; shift_x=&#8221;0&#8243; shift_y=&#8221;0&#8243; shift_y_down=&#8221;0&#8243; z_index=&#8221;0&#8243; medium_width=&#8221;0&#8243; mobile_width=&#8221;0&#8243; width=&#8221;1\/2&#8243; uncode_shortcode_id=&#8221;114434&#8243;][vc_row_inner][vc_column_inner column_width_percent=&#8221;100&#8243; gutter_size=&#8221;0&#8243; overlay_alpha=&#8221;50&#8243; shift_x=&#8221;0&#8243; shift_y=&#8221;0&#8243; shift_y_down=&#8221;0&#8243; z_index=&#8221;0&#8243; medium_width=&#8221;0&#8243; mobile_width=&#8221;0&#8243; width=&#8221;1\/1&#8243; uncode_shortcode_id=&#8221;139906&#8243;][vc_custom_heading text_color=&#8221;color-140484&#8243; heading_semantic=&#8221;p&#8221; text_size=&#8221;h4&#8243; text_transform=&#8221;uppercase&#8221; uncode_shortcode_id=&#8221;210176&#8243; text_color_type=&#8221;uncode-palette&#8221;]Customer service[\/vc_custom_heading][vc_custom_heading uncode_shortcode_id=&#8221;131473&#8243;]At the Heart of Our Values[\/vc_custom_heading][\/vc_column_inner][\/vc_row_inner][vc_column_text uncode_shortcode_id=&#8221;178445&#8243;]Exceptional after-sales service is a core priority and a source of pride for our team. From your first contact with our office, to the in-home consultation, through to installation by our skilled technicians, we support you every step of the way. Whether for maintenance or emergency repairs, our experts are always available. Most of our new clients come from referrals\u2014a testament to the trust we have built over the years.<\/p>\n<p>Do not hesitate <strong><a href=\"https:\/\/climco.ca\/en\/contact\/\">to contact Climco<\/a><\/strong> for expert and friendly advice on heating, air conditioning, ventilation and air quality solutions.[\/vc_column_text][\/vc_column][\/vc_row][vc_row][vc_column width=&#8221;1\/1&#8243;][vc_separator sep_color=&#8221;&#8221; uncode_shortcode_id=&#8221;126736&#8243;][\/vc_column][\/vc_row][vc_row row_height_percent=&#8221;0&#8243; override_padding=&#8221;yes&#8221; h_padding=&#8221;2&#8243; top_padding=&#8221;2&#8243; bottom_padding=&#8221;3&#8243; overlay_alpha=&#8221;50&#8243; gutter_size=&#8221;3&#8243; column_width_percent=&#8221;100&#8243; shift_y=&#8221;0&#8243; z_index=&#8221;0&#8243; uncode_shortcode_id=&#8221;186423&#8243;][vc_column column_width_percent=&#8221;100&#8243; position_vertical=&#8221;middle&#8221; align_horizontal=&#8221;align_center&#8221; gutter_size=&#8221;0&#8243; style=&#8221;dark&#8221; back_image=&#8221;1845&#8243; overlay_color=&#8221;color-nhtu&#8221; overlay_alpha=&#8221;50&#8243; radius=&#8221;xl&#8221; shadow=&#8221;sm&#8221; shift_x=&#8221;0&#8243; shift_y=&#8221;0&#8243; shift_y_down=&#8221;0&#8243; z_index=&#8221;0&#8243; medium_width=&#8221;0&#8243; mobile_width=&#8221;0&#8243; width=&#8221;1\/2&#8243; uncode_shortcode_id=&#8221;116242&#8243; overlay_color_type=&#8221;uncode-palette&#8221; link_to=&#8221;url:http%3A\/\/climco.ca%2Fresidentiel%2F|title:Services%20r%C3%A9sidentiels&#8221;][vc_empty_space empty_h=&#8221;2&#8243;][vc_custom_heading heading_semantic=&#8221;p&#8221; text_weight=&#8221;900&#8243; text_transform=&#8221;uppercase&#8221; uncode_shortcode_id=&#8221;865133&#8243;]residential[\/vc_custom_heading][vc_custom_heading heading_semantic=&#8221;p&#8221; text_size=&#8221;h3&#8243; uncode_shortcode_id=&#8221;212913&#8243;]Services[\/vc_custom_heading][vc_empty_space empty_h=&#8221;2&#8243;][\/vc_column][vc_column column_width_percent=&#8221;100&#8243; position_vertical=&#8221;middle&#8221; align_horizontal=&#8221;align_center&#8221; gutter_size=&#8221;0&#8243; style=&#8221;dark&#8221; back_image=&#8221;1846&#8243; overlay_color=&#8221;color-nhtu&#8221; overlay_alpha=&#8221;68&#8243; radius=&#8221;xl&#8221; shadow=&#8221;sm&#8221; shift_x=&#8221;0&#8243; shift_y=&#8221;0&#8243; shift_y_down=&#8221;0&#8243; z_index=&#8221;0&#8243; medium_width=&#8221;0&#8243; mobile_width=&#8221;0&#8243; width=&#8221;1\/2&#8243; uncode_shortcode_id=&#8221;483085&#8243; overlay_color_type=&#8221;uncode-palette&#8221; link_to=&#8221;url:http%3A\/\/climco.ca%2Fcommercial%2F|title:Services%20commerciaux&#8221;][vc_empty_space empty_h=&#8221;2&#8243;][vc_custom_heading heading_semantic=&#8221;p&#8221; text_weight=&#8221;900&#8243; text_transform=&#8221;uppercase&#8221; uncode_shortcode_id=&#8221;127341&#8243;]Commercial[\/vc_custom_heading][vc_custom_heading heading_semantic=&#8221;p&#8221; text_size=&#8221;h3&#8243; uncode_shortcode_id=&#8221;710511&#8243;]Services[\/vc_custom_heading][vc_empty_space empty_h=&#8221;2&#8243;][\/vc_column][\/vc_row]<\/p>\n<\/div>","protected":false},"excerpt":{"rendered":"<p>[vc_row row_height_percent=&#8221;0&#8243; override_padding=&#8221;yes&#8221; h_padding=&#8221;2&#8243; top_padding=&#8221;3&#8243; bottom_padding=&#8221;3&#8243; overlay_alpha=&#8221;50&#8243; equal_height=&#8221;yes&#8221; gutter_size=&#8221;4&#8243; column_width_percent=&#8221;100&#8243; shift_y=&#8221;0&#8243; z_index=&#8221;0&#8243; uncode_shortcode_id=&#8221;797703&#8243;][vc_column column_width_percent=&#8221;100&#8243; position_vertical=&#8221;bottom&#8221; align_horizontal=&#8221;align_right&#8221; gutter_size=&#8221;3&#8243; back_image=&#8221;1847&#8243; overlay_alpha=&#8221;50&#8243; shift_x=&#8221;0&#8243; [&hellip;]<\/p>\n","protected":false},"author":8,"featured_media":0,"parent":0,"menu_order":0,"comment_status":"closed","ping_status":"closed","template":"","meta":{"_acf_changed":false,"footnotes":""},"class_list":["post-1844","page","type-page","status-publish","hentry"],"acf":[],"yoast_head":"<!-- This site is optimized with the Yoast SEO plugin v27.4 - https:\/\/yoast.com\/product\/yoast-seo-wordpress\/ -->\n<title>About Climco | Climco<\/title>\n<meta name=\"description\" content=\"Discover Climco, your trusted partner for the installation, sale, and maintenance of air conditioning systems, heating systems, and heat pumps in Terrebonne, Laval and Montreal.\" \/>\n<meta name=\"robots\" content=\"index, follow, max-snippet:-1, max-image-preview:large, max-video-preview:-1\" \/>\n<link rel=\"canonical\" href=\"https:\/\/climco.ca\/en\/about-climco\/\" \/>\n<meta property=\"og:locale\" content=\"en_US\" \/>\n<meta property=\"og:type\" content=\"article\" \/>\n<meta property=\"og:title\" content=\"About Climco | Climco\" \/>\n<meta property=\"og:description\" content=\"Discover Climco, your trusted partner for the installation, sale, and maintenance of air conditioning systems, heating systems, and heat pumps in Terrebonne, Laval and Montreal.\" \/>\n<meta property=\"og:url\" content=\"https:\/\/climco.ca\/en\/about-climco\/\" \/>\n<meta property=\"og:site_name\" content=\"Climco\" \/>\n<meta property=\"article:publisher\" content=\"https:\/\/www.facebook.com\/climcoclimatisation\/\" \/>\n<meta property=\"article:modified_time\" content=\"2026-04-15T18:40:26+00:00\" \/>\n<meta property=\"og:image\" content=\"https:\/\/climco.ca\/wp-content\/uploads\/2023\/12\/climco-social.png\" \/>\n\t<meta property=\"og:image:width\" content=\"1200\" \/>\n\t<meta property=\"og:image:height\" content=\"675\" \/>\n\t<meta property=\"og:image:type\" content=\"image\/png\" \/>\n<meta name=\"twitter:card\" content=\"summary_large_image\" \/>\n<meta name=\"twitter:label1\" content=\"Est. reading time\" \/>\n\t<meta name=\"twitter:data1\" content=\"3 minutes\" \/>\n<script type=\"application\/ld+json\" class=\"yoast-schema-graph\">{\"@context\":\"https:\\\/\\\/schema.org\",\"@graph\":[{\"@type\":\"WebPage\",\"@id\":\"https:\\\/\\\/climco.ca\\\/en\\\/about-climco\\\/\",\"url\":\"https:\\\/\\\/climco.ca\\\/en\\\/about-climco\\\/\",\"name\":\"About Climco | Climco\",\"isPartOf\":{\"@id\":\"https:\\\/\\\/climco.ca\\\/en\\\/#website\"},\"datePublished\":\"2023-01-05T15:31:45+00:00\",\"dateModified\":\"2026-04-15T18:40:26+00:00\",\"description\":\"Discover Climco, your trusted partner for the installation, sale, and maintenance of air conditioning systems, heating systems, and heat pumps in Terrebonne, Laval and Montreal.\",\"breadcrumb\":{\"@id\":\"https:\\\/\\\/climco.ca\\\/en\\\/about-climco\\\/#breadcrumb\"},\"inLanguage\":\"en-US\",\"potentialAction\":[{\"@type\":\"ReadAction\",\"target\":[\"https:\\\/\\\/climco.ca\\\/en\\\/about-climco\\\/\"]}]},{\"@type\":\"BreadcrumbList\",\"@id\":\"https:\\\/\\\/climco.ca\\\/en\\\/about-climco\\\/#breadcrumb\",\"itemListElement\":[{\"@type\":\"ListItem\",\"position\":1,\"name\":\"Accueil\",\"item\":\"https:\\\/\\\/climco.ca\\\/en\\\/\"},{\"@type\":\"ListItem\",\"position\":2,\"name\":\"About Climco\"}]},{\"@type\":\"WebSite\",\"@id\":\"https:\\\/\\\/climco.ca\\\/en\\\/#website\",\"url\":\"https:\\\/\\\/climco.ca\\\/en\\\/\",\"name\":\"Climco\",\"description\":\"Climatisation &amp; Chauffage \u00e0 Terrebonne, Laval et Montr\u00e9al\",\"publisher\":{\"@id\":\"https:\\\/\\\/climco.ca\\\/en\\\/#organization\"},\"alternateName\":\"Climco\",\"potentialAction\":[{\"@type\":\"SearchAction\",\"target\":{\"@type\":\"EntryPoint\",\"urlTemplate\":\"https:\\\/\\\/climco.ca\\\/en\\\/?s={search_term_string}\"},\"query-input\":{\"@type\":\"PropertyValueSpecification\",\"valueRequired\":true,\"valueName\":\"search_term_string\"}}],\"inLanguage\":\"en-US\"},{\"@type\":\"Organization\",\"@id\":\"https:\\\/\\\/climco.ca\\\/en\\\/#organization\",\"name\":\"Climco\",\"alternateName\":\"Climatisation & Chauffage \u00e0 Terrebonne, Laval et Montr\u00e9al\",\"url\":\"https:\\\/\\\/climco.ca\\\/en\\\/\",\"logo\":{\"@type\":\"ImageObject\",\"inLanguage\":\"en-US\",\"@id\":\"https:\\\/\\\/climco.ca\\\/en\\\/#\\\/schema\\\/logo\\\/image\\\/\",\"url\":\"https:\\\/\\\/climco.ca\\\/wp-content\\\/uploads\\\/2023\\\/12\\\/climco-logo.png\",\"contentUrl\":\"https:\\\/\\\/climco.ca\\\/wp-content\\\/uploads\\\/2023\\\/12\\\/climco-logo.png\",\"width\":696,\"height\":696,\"caption\":\"Climco\"},\"image\":{\"@id\":\"https:\\\/\\\/climco.ca\\\/en\\\/#\\\/schema\\\/logo\\\/image\\\/\"},\"sameAs\":[\"https:\\\/\\\/www.facebook.com\\\/climcoclimatisation\\\/\"]}]}<\/script>\n<!-- \/ Yoast SEO plugin. -->","yoast_head_json":{"title":"About Climco | Climco","description":"Discover Climco, your trusted partner for the installation, sale, and maintenance of air conditioning systems, heating systems, and heat pumps in Terrebonne, Laval and Montreal.","robots":{"index":"index","follow":"follow","max-snippet":"max-snippet:-1","max-image-preview":"max-image-preview:large","max-video-preview":"max-video-preview:-1"},"canonical":"https:\/\/climco.ca\/en\/about-climco\/","og_locale":"en_US","og_type":"article","og_title":"About Climco | Climco","og_description":"Discover Climco, your trusted partner for the installation, sale, and maintenance of air conditioning systems, heating systems, and heat pumps in Terrebonne, Laval and Montreal.","og_url":"https:\/\/climco.ca\/en\/about-climco\/","og_site_name":"Climco","article_publisher":"https:\/\/www.facebook.com\/climcoclimatisation\/","article_modified_time":"2026-04-15T18:40:26+00:00","og_image":[{"width":1200,"height":675,"url":"https:\/\/climco.ca\/wp-content\/uploads\/2023\/12\/climco-social.png","type":"image\/png"}],"twitter_card":"summary_large_image","twitter_misc":{"Est. reading time":"3 minutes"},"schema":{"@context":"https:\/\/schema.org","@graph":[{"@type":"WebPage","@id":"https:\/\/climco.ca\/en\/about-climco\/","url":"https:\/\/climco.ca\/en\/about-climco\/","name":"About Climco | Climco","isPartOf":{"@id":"https:\/\/climco.ca\/en\/#website"},"datePublished":"2023-01-05T15:31:45+00:00","dateModified":"2026-04-15T18:40:26+00:00","description":"Discover Climco, your trusted partner for the installation, sale, and maintenance of air conditioning systems, heating systems, and heat pumps in Terrebonne, Laval and Montreal.","breadcrumb":{"@id":"https:\/\/climco.ca\/en\/about-climco\/#breadcrumb"},"inLanguage":"en-US","potentialAction":[{"@type":"ReadAction","target":["https:\/\/climco.ca\/en\/about-climco\/"]}]},{"@type":"BreadcrumbList","@id":"https:\/\/climco.ca\/en\/about-climco\/#breadcrumb","itemListElement":[{"@type":"ListItem","position":1,"name":"Accueil","item":"https:\/\/climco.ca\/en\/"},{"@type":"ListItem","position":2,"name":"About Climco"}]},{"@type":"WebSite","@id":"https:\/\/climco.ca\/en\/#website","url":"https:\/\/climco.ca\/en\/","name":"Climco","description":"Climatisation &amp; Chauffage \u00e0 Terrebonne, Laval et Montr\u00e9al","publisher":{"@id":"https:\/\/climco.ca\/en\/#organization"},"alternateName":"Climco","potentialAction":[{"@type":"SearchAction","target":{"@type":"EntryPoint","urlTemplate":"https:\/\/climco.ca\/en\/?s={search_term_string}"},"query-input":{"@type":"PropertyValueSpecification","valueRequired":true,"valueName":"search_term_string"}}],"inLanguage":"en-US"},{"@type":"Organization","@id":"https:\/\/climco.ca\/en\/#organization","name":"Climco","alternateName":"Climatisation & Chauffage \u00e0 Terrebonne, Laval et Montr\u00e9al","url":"https:\/\/climco.ca\/en\/","logo":{"@type":"ImageObject","inLanguage":"en-US","@id":"https:\/\/climco.ca\/en\/#\/schema\/logo\/image\/","url":"https:\/\/climco.ca\/wp-content\/uploads\/2023\/12\/climco-logo.png","contentUrl":"https:\/\/climco.ca\/wp-content\/uploads\/2023\/12\/climco-logo.png","width":696,"height":696,"caption":"Climco"},"image":{"@id":"https:\/\/climco.ca\/en\/#\/schema\/logo\/image\/"},"sameAs":["https:\/\/www.facebook.com\/climcoclimatisation\/"]}]}},"_links":{"self":[{"href":"https:\/\/climco.ca\/en\/wp-json\/wp\/v2\/pages\/1844","targetHints":{"allow":["GET"]}}],"collection":[{"href":"https:\/\/climco.ca\/en\/wp-json\/wp\/v2\/pages"}],"about":[{"href":"https:\/\/climco.ca\/en\/wp-json\/wp\/v2\/types\/page"}],"author":[{"embeddable":true,"href":"https:\/\/climco.ca\/en\/wp-json\/wp\/v2\/users\/8"}],"replies":[{"embeddable":true,"href":"https:\/\/climco.ca\/en\/wp-json\/wp\/v2\/comments?post=1844"}],"version-history":[{"count":18,"href":"https:\/\/climco.ca\/en\/wp-json\/wp\/v2\/pages\/1844\/revisions"}],"predecessor-version":[{"id":1866,"href":"https:\/\/climco.ca\/en\/wp-json\/wp\/v2\/pages\/1844\/revisions\/1866"}],"wp:attachment":[{"href":"https:\/\/climco.ca\/en\/wp-json\/wp\/v2\/media?parent=1844"}],"curies":[{"name":"wp","href":"https:\/\/api.w.org\/{rel}","templated":true}]}}