{"id":1978,"date":"2023-12-18T09:34:53","date_gmt":"2023-12-18T14:34:53","guid":{"rendered":"https:\/\/climco.ca\/merci-soumission-gratuite\/"},"modified":"2026-04-16T17:33:04","modified_gmt":"2026-04-16T21:33:04","slug":"thank-you-free-estimate","status":"publish","type":"page","link":"https:\/\/climco.ca\/en\/thank-you-free-estimate\/","title":{"rendered":"Free estimate"},"content":{"rendered":"<div class=\"wpb-content-wrapper\"><p>[vc_row unlock_row=&#8221;&#8221; row_height_percent=&#8221;100&#8243; overlay_alpha=&#8221;50&#8243; gutter_size=&#8221;3&#8243; column_width_use_pixel=&#8221;yes&#8221; shift_y=&#8221;0&#8243; z_index=&#8221;0&#8243; content_parallax=&#8221;0&#8243; uncode_shortcode_id=&#8221;246678&#8243; el_class=&#8221;limit-width&#8221;][vc_column column_width_percent=&#8221;100&#8243; gutter_size=&#8221;2&#8243; overlay_alpha=&#8221;50&#8243; shift_x=&#8221;0&#8243; shift_y=&#8221;0&#8243; shift_y_down=&#8221;0&#8243; z_index=&#8221;0&#8243; medium_width=&#8221;0&#8243; mobile_width=&#8221;0&#8243; width=&#8221;2\/3&#8243; uncode_shortcode_id=&#8221;162769&#8243;][vc_row_inner row_inner_height_percent=&#8221;100&#8243; force_width_grid=&#8221;yes&#8221; overlay_alpha=&#8221;50&#8243; gutter_size=&#8221;3&#8243; shift_y=&#8221;0&#8243; z_index=&#8221;0&#8243; uncode_shortcode_id=&#8221;140418&#8243; el_class=&#8221;no-ml&#8221;][vc_column_inner width=&#8221;1\/1&#8243;][vc_column_text uncode_shortcode_id=&#8221;136650&#8243;]<\/p>\n<p style=\"color: #00bf07; text-align: center;\">Votre formulaire a \u00e9t\u00e9 envoy\u00e9 avec succ\u00e8s !<\/p>\n<hr \/>\n<p>[\/vc_column_text][vc_custom_heading text_size=&#8221;h1&#8243; uncode_shortcode_id=&#8221;154717&#8243; el_class=&#8221;text-center&#8221;]Merci de votre confiance.[\/vc_custom_heading][vc_column_text text_lead=&#8221;yes&#8221; uncode_shortcode_id=&#8221;181010&#8243; el_class=&#8221;max-75&#8243;]<\/p>\n<p style=\"text-align: center;\">Depuis plus de <strong>30 ans<\/strong>, Climco accompagne ses clients avec des conseils honn\u00eates, clairs et adapt\u00e9s \u00e0 leur r\u00e9alit\u00e9.<\/p>\n<p style=\"text-align: center;\">Notre \u00e9quipe analysera votre demande et vous guidera vers les <strong>meilleures solutions et aides financi\u00e8res possibles<\/strong>, sans pression.<\/p>\n<p style=\"text-align: center;\"><a class=\"custom-link btn btn-sm border-width-0 btn-accent btn-icon-left cursor-init\" style=\"text-decoration: none;\" href=\"\/en\">Retour \u00e0 l&#8217;accueil<\/a><\/p>\n<p>[\/vc_column_text][\/vc_column_inner][\/vc_row_inner][\/vc_column][vc_column width=&#8221;1\/3&#8243;][uncode_slider slider_interval=&#8221;3000&#8243; slider_navspeed=&#8221;400&#8243;][vc_row_inner][vc_column_inner width=&#8221;1\/1&#8243;][vc_single_image media=&#8221;1979&#8243; media_width_percent=&#8221;100&#8243; uncode_shortcode_id=&#8221;633440&#8243;][\/vc_column_inner][\/vc_row_inner][\/uncode_slider][\/vc_column][\/vc_row][vc_row][vc_column width=&#8221;1\/1&#8243;][\/vc_column][\/vc_row]<\/p>\n<\/div>","protected":false},"excerpt":{"rendered":"<p>[vc_row unlock_row=&#8221;&#8221; row_height_percent=&#8221;100&#8243; overlay_alpha=&#8221;50&#8243; gutter_size=&#8221;3&#8243; column_width_use_pixel=&#8221;yes&#8221; shift_y=&#8221;0&#8243; z_index=&#8221;0&#8243; content_parallax=&#8221;0&#8243; uncode_shortcode_id=&#8221;246678&#8243; el_class=&#8221;limit-width&#8221;][vc_column column_width_percent=&#8221;100&#8243; gutter_size=&#8221;2&#8243; overlay_alpha=&#8221;50&#8243; shift_x=&#8221;0&#8243; shift_y=&#8221;0&#8243; shift_y_down=&#8221;0&#8243; z_index=&#8221;0&#8243; medium_width=&#8221;0&#8243; mobile_width=&#8221;0&#8243; [&hellip;]<\/p>\n","protected":false},"author":8,"featured_media":0,"parent":0,"menu_order":0,"comment_status":"closed","ping_status":"closed","template":"","meta":{"_acf_changed":false,"footnotes":""},"class_list":["post-1978","page","type-page","status-publish","hentry"],"acf":[],"yoast_head":"<!-- This site is optimized with the Yoast SEO plugin v27.4 - https:\/\/yoast.com\/product\/yoast-seo-wordpress\/ -->\n<title>Free estimate | Climco<\/title>\n<meta name=\"description\" content=\"D\u00e9couvrez Climco, votre partenaire de confiance l&#039;installation, la vente et l&#039;entretien de vos climatiseurs, syst\u00e8mes de chauffage et thermopompes \u00e0 Terrebonne, Laval et Montr\u00e9al\" \/>\n<meta name=\"robots\" content=\"noindex, nofollow\" \/>\n<meta property=\"og:locale\" content=\"en_US\" \/>\n<meta property=\"og:type\" content=\"article\" \/>\n<meta property=\"og:title\" content=\"Free estimate | Climco\" \/>\n<meta property=\"og:description\" content=\"D\u00e9couvrez Climco, votre partenaire de confiance l&#039;installation, la vente et l&#039;entretien de vos climatiseurs, syst\u00e8mes de chauffage et thermopompes \u00e0 Terrebonne, Laval et Montr\u00e9al\" \/>\n<meta property=\"og:url\" content=\"https:\/\/climco.ca\/en\/thank-you-free-estimate\/\" \/>\n<meta property=\"og:site_name\" content=\"Climco\" \/>\n<meta property=\"article:publisher\" content=\"https:\/\/www.facebook.com\/climcoclimatisation\/\" \/>\n<meta property=\"article:modified_time\" content=\"2026-04-16T21:33:04+00:00\" \/>\n<meta property=\"og:image\" content=\"https:\/\/climco.ca\/wp-content\/uploads\/2023\/12\/climco-social.png\" \/>\n\t<meta property=\"og:image:width\" content=\"1200\" \/>\n\t<meta property=\"og:image:height\" content=\"675\" \/>\n\t<meta property=\"og:image:type\" content=\"image\/png\" \/>\n<meta name=\"twitter:card\" content=\"summary_large_image\" \/>\n<meta name=\"twitter:label1\" content=\"Est. reading time\" \/>\n\t<meta name=\"twitter:data1\" content=\"1 minute\" \/>\n<script type=\"application\/ld+json\" class=\"yoast-schema-graph\">{\"@context\":\"https:\\\/\\\/schema.org\",\"@graph\":[{\"@type\":\"WebPage\",\"@id\":\"https:\\\/\\\/climco.ca\\\/en\\\/thank-you-free-estimate\\\/\",\"url\":\"https:\\\/\\\/climco.ca\\\/en\\\/thank-you-free-estimate\\\/\",\"name\":\"Free estimate | Climco\",\"isPartOf\":{\"@id\":\"https:\\\/\\\/climco.ca\\\/en\\\/#website\"},\"datePublished\":\"2023-12-18T14:34:53+00:00\",\"dateModified\":\"2026-04-16T21:33:04+00:00\",\"description\":\"D\u00e9couvrez Climco, votre partenaire de confiance l'installation, la vente et l'entretien de vos climatiseurs, syst\u00e8mes de chauffage et thermopompes \u00e0 Terrebonne, Laval et Montr\u00e9al\",\"breadcrumb\":{\"@id\":\"https:\\\/\\\/climco.ca\\\/en\\\/thank-you-free-estimate\\\/#breadcrumb\"},\"inLanguage\":\"en-US\",\"potentialAction\":[{\"@type\":\"ReadAction\",\"target\":[\"https:\\\/\\\/climco.ca\\\/en\\\/thank-you-free-estimate\\\/\"]}]},{\"@type\":\"BreadcrumbList\",\"@id\":\"https:\\\/\\\/climco.ca\\\/en\\\/thank-you-free-estimate\\\/#breadcrumb\",\"itemListElement\":[{\"@type\":\"ListItem\",\"position\":1,\"name\":\"Accueil\",\"item\":\"https:\\\/\\\/climco.ca\\\/en\\\/\"},{\"@type\":\"ListItem\",\"position\":2,\"name\":\"Free estimate\"}]},{\"@type\":\"WebSite\",\"@id\":\"https:\\\/\\\/climco.ca\\\/en\\\/#website\",\"url\":\"https:\\\/\\\/climco.ca\\\/en\\\/\",\"name\":\"Climco\",\"description\":\"Climatisation &amp; Chauffage \u00e0 Terrebonne, Laval et Montr\u00e9al\",\"publisher\":{\"@id\":\"https:\\\/\\\/climco.ca\\\/en\\\/#organization\"},\"alternateName\":\"Climco\",\"potentialAction\":[{\"@type\":\"SearchAction\",\"target\":{\"@type\":\"EntryPoint\",\"urlTemplate\":\"https:\\\/\\\/climco.ca\\\/en\\\/?s={search_term_string}\"},\"query-input\":{\"@type\":\"PropertyValueSpecification\",\"valueRequired\":true,\"valueName\":\"search_term_string\"}}],\"inLanguage\":\"en-US\"},{\"@type\":\"Organization\",\"@id\":\"https:\\\/\\\/climco.ca\\\/en\\\/#organization\",\"name\":\"Climco\",\"alternateName\":\"Climatisation & Chauffage \u00e0 Terrebonne, Laval et Montr\u00e9al\",\"url\":\"https:\\\/\\\/climco.ca\\\/en\\\/\",\"logo\":{\"@type\":\"ImageObject\",\"inLanguage\":\"en-US\",\"@id\":\"https:\\\/\\\/climco.ca\\\/en\\\/#\\\/schema\\\/logo\\\/image\\\/\",\"url\":\"https:\\\/\\\/climco.ca\\\/wp-content\\\/uploads\\\/2023\\\/12\\\/climco-logo.png\",\"contentUrl\":\"https:\\\/\\\/climco.ca\\\/wp-content\\\/uploads\\\/2023\\\/12\\\/climco-logo.png\",\"width\":696,\"height\":696,\"caption\":\"Climco\"},\"image\":{\"@id\":\"https:\\\/\\\/climco.ca\\\/en\\\/#\\\/schema\\\/logo\\\/image\\\/\"},\"sameAs\":[\"https:\\\/\\\/www.facebook.com\\\/climcoclimatisation\\\/\"]}]}<\/script>\n<!-- \/ Yoast SEO plugin. -->","yoast_head_json":{"title":"Free estimate | Climco","description":"D\u00e9couvrez Climco, votre partenaire de confiance l'installation, la vente et l'entretien de vos climatiseurs, syst\u00e8mes de chauffage et thermopompes \u00e0 Terrebonne, Laval et Montr\u00e9al","robots":{"index":"noindex","follow":"nofollow"},"og_locale":"en_US","og_type":"article","og_title":"Free estimate | Climco","og_description":"D\u00e9couvrez Climco, votre partenaire de confiance l'installation, la vente et l'entretien de vos climatiseurs, syst\u00e8mes de chauffage et thermopompes \u00e0 Terrebonne, Laval et Montr\u00e9al","og_url":"https:\/\/climco.ca\/en\/thank-you-free-estimate\/","og_site_name":"Climco","article_publisher":"https:\/\/www.facebook.com\/climcoclimatisation\/","article_modified_time":"2026-04-16T21:33:04+00:00","og_image":[{"width":1200,"height":675,"url":"https:\/\/climco.ca\/wp-content\/uploads\/2023\/12\/climco-social.png","type":"image\/png"}],"twitter_card":"summary_large_image","twitter_misc":{"Est. reading time":"1 minute"},"schema":{"@context":"https:\/\/schema.org","@graph":[{"@type":"WebPage","@id":"https:\/\/climco.ca\/en\/thank-you-free-estimate\/","url":"https:\/\/climco.ca\/en\/thank-you-free-estimate\/","name":"Free estimate | Climco","isPartOf":{"@id":"https:\/\/climco.ca\/en\/#website"},"datePublished":"2023-12-18T14:34:53+00:00","dateModified":"2026-04-16T21:33:04+00:00","description":"D\u00e9couvrez Climco, votre partenaire de confiance l'installation, la vente et l'entretien de vos climatiseurs, syst\u00e8mes de chauffage et thermopompes \u00e0 Terrebonne, Laval et Montr\u00e9al","breadcrumb":{"@id":"https:\/\/climco.ca\/en\/thank-you-free-estimate\/#breadcrumb"},"inLanguage":"en-US","potentialAction":[{"@type":"ReadAction","target":["https:\/\/climco.ca\/en\/thank-you-free-estimate\/"]}]},{"@type":"BreadcrumbList","@id":"https:\/\/climco.ca\/en\/thank-you-free-estimate\/#breadcrumb","itemListElement":[{"@type":"ListItem","position":1,"name":"Accueil","item":"https:\/\/climco.ca\/en\/"},{"@type":"ListItem","position":2,"name":"Free estimate"}]},{"@type":"WebSite","@id":"https:\/\/climco.ca\/en\/#website","url":"https:\/\/climco.ca\/en\/","name":"Climco","description":"Climatisation &amp; Chauffage \u00e0 Terrebonne, Laval et Montr\u00e9al","publisher":{"@id":"https:\/\/climco.ca\/en\/#organization"},"alternateName":"Climco","potentialAction":[{"@type":"SearchAction","target":{"@type":"EntryPoint","urlTemplate":"https:\/\/climco.ca\/en\/?s={search_term_string}"},"query-input":{"@type":"PropertyValueSpecification","valueRequired":true,"valueName":"search_term_string"}}],"inLanguage":"en-US"},{"@type":"Organization","@id":"https:\/\/climco.ca\/en\/#organization","name":"Climco","alternateName":"Climatisation & Chauffage \u00e0 Terrebonne, Laval et Montr\u00e9al","url":"https:\/\/climco.ca\/en\/","logo":{"@type":"ImageObject","inLanguage":"en-US","@id":"https:\/\/climco.ca\/en\/#\/schema\/logo\/image\/","url":"https:\/\/climco.ca\/wp-content\/uploads\/2023\/12\/climco-logo.png","contentUrl":"https:\/\/climco.ca\/wp-content\/uploads\/2023\/12\/climco-logo.png","width":696,"height":696,"caption":"Climco"},"image":{"@id":"https:\/\/climco.ca\/en\/#\/schema\/logo\/image\/"},"sameAs":["https:\/\/www.facebook.com\/climcoclimatisation\/"]}]}},"_links":{"self":[{"href":"https:\/\/climco.ca\/en\/wp-json\/wp\/v2\/pages\/1978","targetHints":{"allow":["GET"]}}],"collection":[{"href":"https:\/\/climco.ca\/en\/wp-json\/wp\/v2\/pages"}],"about":[{"href":"https:\/\/climco.ca\/en\/wp-json\/wp\/v2\/types\/page"}],"author":[{"embeddable":true,"href":"https:\/\/climco.ca\/en\/wp-json\/wp\/v2\/users\/8"}],"replies":[{"embeddable":true,"href":"https:\/\/climco.ca\/en\/wp-json\/wp\/v2\/comments?post=1978"}],"version-history":[{"count":3,"href":"https:\/\/climco.ca\/en\/wp-json\/wp\/v2\/pages\/1978\/revisions"}],"predecessor-version":[{"id":1984,"href":"https:\/\/climco.ca\/en\/wp-json\/wp\/v2\/pages\/1978\/revisions\/1984"}],"wp:attachment":[{"href":"https:\/\/climco.ca\/en\/wp-json\/wp\/v2\/media?parent=1978"}],"curies":[{"name":"wp","href":"https:\/\/api.w.org\/{rel}","templated":true}]}}