{"id":2275,"date":"2023-01-06T10:36:43","date_gmt":"2023-01-06T15:36:43","guid":{"rendered":"https:\/\/climco.ca\/promotions-en-chauffage-et-climatisation\/"},"modified":"2026-04-22T13:24:04","modified_gmt":"2026-04-22T17:24:04","slug":"heating-and-air-conditioning-promotions","status":"publish","type":"page","link":"https:\/\/climco.ca\/en\/heating-and-air-conditioning-promotions\/","title":{"rendered":"Heating and Air Conditioning Promotions"},"content":{"rendered":"<div class=\"wpb-content-wrapper\"><p>[vc_row row_height_percent=&#8221;0&#8243; override_padding=&#8221;yes&#8221; h_padding=&#8221;2&#8243; top_padding=&#8221;4&#8243; bottom_padding=&#8221;3&#8243; overlay_alpha=&#8221;50&#8243; gutter_size=&#8221;3&#8243; column_width_percent=&#8221;100&#8243; shift_y=&#8221;0&#8243; z_index=&#8221;0&#8243; uncode_shortcode_id=&#8221;148530&#8243;][vc_column width=&#8221;1\/2&#8243;][vc_single_image media=&#8221;2282&#8243; media_width_percent=&#8221;100&#8243; media_ratio=&#8221;one-one&#8221; shape=&#8221;img-round&#8221; radius=&#8221;xl&#8221; uncode_shortcode_id=&#8221;119508&#8243;][\/vc_column][vc_column column_width_percent=&#8221;100&#8243; position_vertical=&#8221;middle&#8221; gutter_size=&#8221;2&#8243; override_padding=&#8221;yes&#8221; column_padding=&#8221;2&#8243; overlay_alpha=&#8221;50&#8243; shift_x=&#8221;0&#8243; shift_y=&#8221;0&#8243; shift_y_down=&#8221;0&#8243; z_index=&#8221;0&#8243; medium_width=&#8221;0&#8243; mobile_width=&#8221;0&#8243; uncode_shortcode_id=&#8221;599064&#8243; width=&#8221;1\/2&#8243;][vc_custom_heading uncode_shortcode_id=&#8221;102357&#8243;]Rely on our experienced team to help you choose the right heating and air conditioning system and benefit from competitive pricing through our current promotions.[\/vc_custom_heading][vc_column_text uncode_shortcode_id=&#8221;205132&#8243;]Visit our showroom or contact us to learn more about our offers on heat pumps, air conditioners, and heating systems.[\/vc_column_text][\/vc_column][\/vc_row][vc_row row_height_percent=&#8221;0&#8243; overlay_alpha=&#8221;50&#8243; gutter_size=&#8221;3&#8243; column_width_percent=&#8221;100&#8243; shift_y=&#8221;0&#8243; z_index=&#8221;0&#8243; uncode_shortcode_id=&#8221;311521&#8243;][vc_column column_width_percent=&#8221;100&#8243; position_vertical=&#8221;middle&#8221; align_horizontal=&#8221;align_center&#8221; gutter_size=&#8221;2&#8243; overlay_alpha=&#8221;50&#8243; shift_x=&#8221;0&#8243; shift_y=&#8221;0&#8243; shift_y_down=&#8221;0&#8243; z_index=&#8221;0&#8243; medium_width=&#8221;0&#8243; mobile_width=&#8221;0&#8243; width=&#8221;1\/1&#8243; uncode_shortcode_id=&#8221;632572&#8243;][vc_custom_heading text_color=&#8221;color-140484&#8243; heading_semantic=&#8221;p&#8221; text_size=&#8221;h4&#8243; text_transform=&#8221;uppercase&#8221; uncode_shortcode_id=&#8221;109568&#8243; text_color_type=&#8221;uncode-palette&#8221;]upcoming promotions[\/vc_custom_heading][vc_separator sep_color=&#8221;&#8221; uncode_shortcode_id=&#8221;120012&#8243;][\/vc_column][\/vc_row][vc_row row_height_percent=&#8221;0&#8243; override_padding=&#8221;yes&#8221; h_padding=&#8221;2&#8243; top_padding=&#8221;2&#8243; bottom_padding=&#8221;3&#8243; overlay_alpha=&#8221;50&#8243; gutter_size=&#8221;3&#8243; column_width_percent=&#8221;100&#8243; shift_y=&#8221;0&#8243; z_index=&#8221;0&#8243; desktop_visibility=&#8221;yes&#8221; medium_visibility=&#8221;yes&#8221; mobile_visibility=&#8221;yes&#8221; uncode_shortcode_id=&#8221;193274&#8243;][vc_column width=&#8221;1\/1&#8243;][vc_custom_heading text_color=&#8221;color-140484&#8243; heading_semantic=&#8221;p&#8221; text_size=&#8221;h4&#8243; text_transform=&#8221;uppercase&#8221; uncode_shortcode_id=&#8221;160458&#8243; text_color_type=&#8221;uncode-palette&#8221;]Upcoming promotions[\/vc_custom_heading][uncode_index el_id=&#8221;index-544860&#8243; loop=&#8221;size:10|order_by:date|post_type:promotions|taxonomy_count:10&#8243; screen_lg=&#8221;1000&#8243; screen_md=&#8221;600&#8243; screen_sm=&#8221;480&#8243; gutter_size=&#8221;3&#8243; promotions_items=&#8221;media|featured|onpost|original&#8221; single_text=&#8221;overlay&#8221; single_overlay_opacity=&#8221;50&#8243; single_padding=&#8221;2&#8243; uncode_shortcode_id=&#8221;155087&#8243;][\/vc_column][\/vc_row][vc_row][vc_column width=&#8221;1\/1&#8243;][uncode_index el_id=&#8221;index-174791&#8243; loop=&#8221;size:10|order_by:date|post_type:promotions|taxonomy_count:10&#8243; gutter_size=&#8221;3&#8243; single_overlay_opacity=&#8221;50&#8243; single_padding=&#8221;2&#8243; uncode_shortcode_id=&#8221;155062&#8243;][\/vc_column][\/vc_row]<\/p>\n<\/div>","protected":false},"excerpt":{"rendered":"<p>Vous cherchez \u00e0 r\u00e9nover votre maison et y inclure une thermopompe? Vous planifiez de construire votre maison de r\u00eave et aimeriez une solution en climatisation adapt\u00e9e \u00e0 vos besoins?<\/p>\n","protected":false},"author":8,"featured_media":2187,"parent":0,"menu_order":0,"comment_status":"closed","ping_status":"closed","template":"","meta":{"_acf_changed":false,"footnotes":""},"class_list":["post-2275","page","type-page","status-publish","has-post-thumbnail","hentry"],"acf":[],"yoast_head":"<!-- This site is optimized with the Yoast SEO plugin v27.4 - https:\/\/yoast.com\/product\/yoast-seo-wordpress\/ -->\n<title>Heating and Air Conditioning Promotions | Climco<\/title>\n<meta name=\"description\" content=\"Discover Climco, your trusted partner for the installation, sale and maintenance of your air conditioners, heating systems and heat pumps in Terrebonne, Laval and Montr\u00e9al\" \/>\n<meta name=\"robots\" content=\"index, follow, max-snippet:-1, max-image-preview:large, max-video-preview:-1\" \/>\n<link rel=\"canonical\" href=\"https:\/\/climco.ca\/en\/heating-and-air-conditioning-promotions\/\" \/>\n<meta property=\"og:locale\" content=\"en_US\" \/>\n<meta property=\"og:type\" content=\"article\" \/>\n<meta property=\"og:title\" content=\"Heating and Air Conditioning Promotions | Climco\" \/>\n<meta property=\"og:description\" content=\"Discover Climco, your trusted partner for the installation, sale and maintenance of your air conditioners, heating systems and heat pumps in Terrebonne, Laval and Montr\u00e9al\" \/>\n<meta property=\"og:url\" content=\"https:\/\/climco.ca\/en\/heating-and-air-conditioning-promotions\/\" \/>\n<meta property=\"og:site_name\" content=\"Climco\" \/>\n<meta property=\"article:publisher\" content=\"https:\/\/www.facebook.com\/climcoclimatisation\/\" \/>\n<meta property=\"article:modified_time\" content=\"2026-04-22T17:24:04+00:00\" \/>\n<meta property=\"og:image\" content=\"https:\/\/climco.ca\/wp-content\/uploads\/2023\/01\/climco-service-climatisation-murale-residentiel-1-1.jpg\" \/>\n\t<meta property=\"og:image:width\" content=\"1920\" \/>\n\t<meta property=\"og:image:height\" content=\"1080\" \/>\n\t<meta property=\"og:image:type\" content=\"image\/jpeg\" \/>\n<meta name=\"twitter:card\" content=\"summary_large_image\" \/>\n<meta name=\"twitter:label1\" content=\"Est. reading time\" \/>\n\t<meta name=\"twitter:data1\" content=\"1 minute\" \/>\n<script type=\"application\/ld+json\" class=\"yoast-schema-graph\">{\"@context\":\"https:\\\/\\\/schema.org\",\"@graph\":[{\"@type\":\"WebPage\",\"@id\":\"https:\\\/\\\/climco.ca\\\/en\\\/heating-and-air-conditioning-promotions\\\/\",\"url\":\"https:\\\/\\\/climco.ca\\\/en\\\/heating-and-air-conditioning-promotions\\\/\",\"name\":\"Heating and Air Conditioning Promotions | Climco\",\"isPartOf\":{\"@id\":\"https:\\\/\\\/climco.ca\\\/en\\\/#website\"},\"primaryImageOfPage\":{\"@id\":\"https:\\\/\\\/climco.ca\\\/en\\\/heating-and-air-conditioning-promotions\\\/#primaryimage\"},\"image\":{\"@id\":\"https:\\\/\\\/climco.ca\\\/en\\\/heating-and-air-conditioning-promotions\\\/#primaryimage\"},\"thumbnailUrl\":\"https:\\\/\\\/climco.ca\\\/wp-content\\\/uploads\\\/2023\\\/01\\\/climco-service-climatisation-murale-residentiel-1-1.jpg\",\"datePublished\":\"2023-01-06T15:36:43+00:00\",\"dateModified\":\"2026-04-22T17:24:04+00:00\",\"description\":\"Discover Climco, your trusted partner for the installation, sale and maintenance of your air conditioners, heating systems and heat pumps in Terrebonne, Laval and Montr\u00e9al\",\"breadcrumb\":{\"@id\":\"https:\\\/\\\/climco.ca\\\/en\\\/heating-and-air-conditioning-promotions\\\/#breadcrumb\"},\"inLanguage\":\"en-US\",\"potentialAction\":[{\"@type\":\"ReadAction\",\"target\":[\"https:\\\/\\\/climco.ca\\\/en\\\/heating-and-air-conditioning-promotions\\\/\"]}]},{\"@type\":\"ImageObject\",\"inLanguage\":\"en-US\",\"@id\":\"https:\\\/\\\/climco.ca\\\/en\\\/heating-and-air-conditioning-promotions\\\/#primaryimage\",\"url\":\"https:\\\/\\\/climco.ca\\\/wp-content\\\/uploads\\\/2023\\\/01\\\/climco-service-climatisation-murale-residentiel-1-1.jpg\",\"contentUrl\":\"https:\\\/\\\/climco.ca\\\/wp-content\\\/uploads\\\/2023\\\/01\\\/climco-service-climatisation-murale-residentiel-1-1.jpg\",\"width\":1920,\"height\":1080},{\"@type\":\"BreadcrumbList\",\"@id\":\"https:\\\/\\\/climco.ca\\\/en\\\/heating-and-air-conditioning-promotions\\\/#breadcrumb\",\"itemListElement\":[{\"@type\":\"ListItem\",\"position\":1,\"name\":\"Accueil\",\"item\":\"https:\\\/\\\/climco.ca\\\/en\\\/\"},{\"@type\":\"ListItem\",\"position\":2,\"name\":\"Heating and Air Conditioning Promotions\"}]},{\"@type\":\"WebSite\",\"@id\":\"https:\\\/\\\/climco.ca\\\/en\\\/#website\",\"url\":\"https:\\\/\\\/climco.ca\\\/en\\\/\",\"name\":\"Climco\",\"description\":\"Climatisation &amp; Chauffage \u00e0 Terrebonne, Laval et Montr\u00e9al\",\"publisher\":{\"@id\":\"https:\\\/\\\/climco.ca\\\/en\\\/#organization\"},\"alternateName\":\"Climco\",\"potentialAction\":[{\"@type\":\"SearchAction\",\"target\":{\"@type\":\"EntryPoint\",\"urlTemplate\":\"https:\\\/\\\/climco.ca\\\/en\\\/?s={search_term_string}\"},\"query-input\":{\"@type\":\"PropertyValueSpecification\",\"valueRequired\":true,\"valueName\":\"search_term_string\"}}],\"inLanguage\":\"en-US\"},{\"@type\":\"Organization\",\"@id\":\"https:\\\/\\\/climco.ca\\\/en\\\/#organization\",\"name\":\"Climco\",\"alternateName\":\"Climatisation & Chauffage \u00e0 Terrebonne, Laval et Montr\u00e9al\",\"url\":\"https:\\\/\\\/climco.ca\\\/en\\\/\",\"logo\":{\"@type\":\"ImageObject\",\"inLanguage\":\"en-US\",\"@id\":\"https:\\\/\\\/climco.ca\\\/en\\\/#\\\/schema\\\/logo\\\/image\\\/\",\"url\":\"https:\\\/\\\/climco.ca\\\/wp-content\\\/uploads\\\/2023\\\/12\\\/climco-logo.png\",\"contentUrl\":\"https:\\\/\\\/climco.ca\\\/wp-content\\\/uploads\\\/2023\\\/12\\\/climco-logo.png\",\"width\":696,\"height\":696,\"caption\":\"Climco\"},\"image\":{\"@id\":\"https:\\\/\\\/climco.ca\\\/en\\\/#\\\/schema\\\/logo\\\/image\\\/\"},\"sameAs\":[\"https:\\\/\\\/www.facebook.com\\\/climcoclimatisation\\\/\"]}]}<\/script>\n<!-- \/ Yoast SEO plugin. -->","yoast_head_json":{"title":"Heating and Air Conditioning Promotions | Climco","description":"Discover Climco, your trusted partner for the installation, sale and maintenance of your air conditioners, heating systems and heat pumps in Terrebonne, Laval and Montr\u00e9al","robots":{"index":"index","follow":"follow","max-snippet":"max-snippet:-1","max-image-preview":"max-image-preview:large","max-video-preview":"max-video-preview:-1"},"canonical":"https:\/\/climco.ca\/en\/heating-and-air-conditioning-promotions\/","og_locale":"en_US","og_type":"article","og_title":"Heating and Air Conditioning Promotions | Climco","og_description":"Discover Climco, your trusted partner for the installation, sale and maintenance of your air conditioners, heating systems and heat pumps in Terrebonne, Laval and Montr\u00e9al","og_url":"https:\/\/climco.ca\/en\/heating-and-air-conditioning-promotions\/","og_site_name":"Climco","article_publisher":"https:\/\/www.facebook.com\/climcoclimatisation\/","article_modified_time":"2026-04-22T17:24:04+00:00","og_image":[{"width":1920,"height":1080,"url":"https:\/\/climco.ca\/wp-content\/uploads\/2023\/01\/climco-service-climatisation-murale-residentiel-1-1.jpg","type":"image\/jpeg"}],"twitter_card":"summary_large_image","twitter_misc":{"Est. reading time":"1 minute"},"schema":{"@context":"https:\/\/schema.org","@graph":[{"@type":"WebPage","@id":"https:\/\/climco.ca\/en\/heating-and-air-conditioning-promotions\/","url":"https:\/\/climco.ca\/en\/heating-and-air-conditioning-promotions\/","name":"Heating and Air Conditioning Promotions | Climco","isPartOf":{"@id":"https:\/\/climco.ca\/en\/#website"},"primaryImageOfPage":{"@id":"https:\/\/climco.ca\/en\/heating-and-air-conditioning-promotions\/#primaryimage"},"image":{"@id":"https:\/\/climco.ca\/en\/heating-and-air-conditioning-promotions\/#primaryimage"},"thumbnailUrl":"https:\/\/climco.ca\/wp-content\/uploads\/2023\/01\/climco-service-climatisation-murale-residentiel-1-1.jpg","datePublished":"2023-01-06T15:36:43+00:00","dateModified":"2026-04-22T17:24:04+00:00","description":"Discover Climco, your trusted partner for the installation, sale and maintenance of your air conditioners, heating systems and heat pumps in Terrebonne, Laval and Montr\u00e9al","breadcrumb":{"@id":"https:\/\/climco.ca\/en\/heating-and-air-conditioning-promotions\/#breadcrumb"},"inLanguage":"en-US","potentialAction":[{"@type":"ReadAction","target":["https:\/\/climco.ca\/en\/heating-and-air-conditioning-promotions\/"]}]},{"@type":"ImageObject","inLanguage":"en-US","@id":"https:\/\/climco.ca\/en\/heating-and-air-conditioning-promotions\/#primaryimage","url":"https:\/\/climco.ca\/wp-content\/uploads\/2023\/01\/climco-service-climatisation-murale-residentiel-1-1.jpg","contentUrl":"https:\/\/climco.ca\/wp-content\/uploads\/2023\/01\/climco-service-climatisation-murale-residentiel-1-1.jpg","width":1920,"height":1080},{"@type":"BreadcrumbList","@id":"https:\/\/climco.ca\/en\/heating-and-air-conditioning-promotions\/#breadcrumb","itemListElement":[{"@type":"ListItem","position":1,"name":"Accueil","item":"https:\/\/climco.ca\/en\/"},{"@type":"ListItem","position":2,"name":"Heating and Air Conditioning Promotions"}]},{"@type":"WebSite","@id":"https:\/\/climco.ca\/en\/#website","url":"https:\/\/climco.ca\/en\/","name":"Climco","description":"Climatisation &amp; Chauffage \u00e0 Terrebonne, Laval et Montr\u00e9al","publisher":{"@id":"https:\/\/climco.ca\/en\/#organization"},"alternateName":"Climco","potentialAction":[{"@type":"SearchAction","target":{"@type":"EntryPoint","urlTemplate":"https:\/\/climco.ca\/en\/?s={search_term_string}"},"query-input":{"@type":"PropertyValueSpecification","valueRequired":true,"valueName":"search_term_string"}}],"inLanguage":"en-US"},{"@type":"Organization","@id":"https:\/\/climco.ca\/en\/#organization","name":"Climco","alternateName":"Climatisation & Chauffage \u00e0 Terrebonne, Laval et Montr\u00e9al","url":"https:\/\/climco.ca\/en\/","logo":{"@type":"ImageObject","inLanguage":"en-US","@id":"https:\/\/climco.ca\/en\/#\/schema\/logo\/image\/","url":"https:\/\/climco.ca\/wp-content\/uploads\/2023\/12\/climco-logo.png","contentUrl":"https:\/\/climco.ca\/wp-content\/uploads\/2023\/12\/climco-logo.png","width":696,"height":696,"caption":"Climco"},"image":{"@id":"https:\/\/climco.ca\/en\/#\/schema\/logo\/image\/"},"sameAs":["https:\/\/www.facebook.com\/climcoclimatisation\/"]}]}},"_links":{"self":[{"href":"https:\/\/climco.ca\/en\/wp-json\/wp\/v2\/pages\/2275","targetHints":{"allow":["GET"]}}],"collection":[{"href":"https:\/\/climco.ca\/en\/wp-json\/wp\/v2\/pages"}],"about":[{"href":"https:\/\/climco.ca\/en\/wp-json\/wp\/v2\/types\/page"}],"author":[{"embeddable":true,"href":"https:\/\/climco.ca\/en\/wp-json\/wp\/v2\/users\/8"}],"replies":[{"embeddable":true,"href":"https:\/\/climco.ca\/en\/wp-json\/wp\/v2\/comments?post=2275"}],"version-history":[{"count":5,"href":"https:\/\/climco.ca\/en\/wp-json\/wp\/v2\/pages\/2275\/revisions"}],"predecessor-version":[{"id":2314,"href":"https:\/\/climco.ca\/en\/wp-json\/wp\/v2\/pages\/2275\/revisions\/2314"}],"wp:featuredmedia":[{"embeddable":true,"href":"https:\/\/climco.ca\/en\/wp-json\/wp\/v2\/media\/2187"}],"wp:attachment":[{"href":"https:\/\/climco.ca\/en\/wp-json\/wp\/v2\/media?parent=2275"}],"curies":[{"name":"wp","href":"https:\/\/api.w.org\/{rel}","templated":true}]}}